{"id":259,"date":"2021-04-30T17:04:33","date_gmt":"2021-04-30T17:04:33","guid":{"rendered":"https:\/\/preview.treethemes.com\/hazel\/demo3\/?page_id=259"},"modified":"2023-04-22T13:16:19","modified_gmt":"2023-04-22T13:16:19","slug":"services-2","status":"publish","type":"page","link":"https:\/\/dodo.ci\/index.php\/services-2\/","title":{"rendered":"Services"},"content":{"rendered":"<section class=\"wpb-content-wrapper\"><p>[vc_row bg_type=\u00a0\u00bbbg_color\u00a0\u00bb bg_override=\u00a0\u00bbex-full\u00a0\u00bb css=\u00a0\u00bb.vc_custom_1483916749379{padding-top: 140px !important;padding-bottom: 120px !important;}\u00a0\u00bb bg_color_value=\u00a0\u00bb#101010&Prime;][vc_column][vc_custom_heading text=\u00a0\u00bbPOURQUOI NOUS CHOISIR?\u00a0\u00bb font_container=\u00a0\u00bbtag:h3|font_size:35px|text_align:center|color:%23ffffff\u00a0\u00bb use_theme_fonts=\u00a0\u00bbyes\u00a0\u00bb][vc_empty_space height=\u00a0\u00bb80px\u00a0\u00bb]<div id=\"ult-carousel-85868909669f99c50df188\" class=\"ult-carousel-wrapper   ult_horizontal\" data-gutter=\"30\" data-rtl=\"false\" ><div class=\"ult-carousel-266662335369f99c50df155 \" ><div class=\"aio-icon-component    style_1\"><div id=\"Info-box-wrap-9160\" class=\"aio-icon-box top-icon\" style=\"\"  ><div class=\"aio-icon-top\"><div class=\"ult-just-icon-wrapper  \"><div class=\"align-icon\" style=\"text-align:center;\">\n<div class=\"aio-icon none \"  style=\"color:#f2f2f2;font-size:40px;display:inline-block;\">\n\t<i class=\"linearicons-podium\"><\/i>\n<\/div><\/div><\/div><\/div><div class=\"aio-icon-header\" ><h3 class=\"aio-icon-title ult-responsive\"  data-ultimate-target='#Info-box-wrap-9160 .aio-icon-title'  data-responsive-json-new='{\"font-size\":\"desktop:13px;\",\"line-height\":\"\"}'  style=\"font-family:&#039;Open Sans&#039;;font-weight:600;color:__USE_THEME_MAIN_COLOR__;\">LEADER DANS LE DOMAINE<\/h3><\/div> <!-- header --><div class=\"aio-icon-description ult-responsive\"  data-ultimate-target='#Info-box-wrap-9160 .aio-icon-description'  data-responsive-json-new='{\"font-size\":\"\",\"line-height\":\"\"}'  style=\"color:#999999;\">Leader du march\u00e9 depuis plus de 20 ans. Nous vous proposons une gamme de matelas adapt\u00e9s \u00e0 tous les besoins et \u00e0 tous les budgets.<\/div> <!-- description --><\/div> <!-- aio-icon-box --><\/div> <!-- aio-icon-component --><div class=\"aio-icon-component    style_1\"><div id=\"Info-box-wrap-6422\" class=\"aio-icon-box top-icon\" style=\"\"  ><div class=\"aio-icon-top\"><div class=\"ult-just-icon-wrapper  \"><div class=\"align-icon\" style=\"text-align:center;\">\n<div class=\"aio-icon none \"  style=\"color:#f2f2f2;font-size:40px;display:inline-block;\">\n\t<i class=\"Defaults-briefcase\"><\/i>\n<\/div><\/div><\/div><\/div><div class=\"aio-icon-header\" ><h3 class=\"aio-icon-title ult-responsive\"  data-ultimate-target='#Info-box-wrap-6422 .aio-icon-title'  data-responsive-json-new='{\"font-size\":\"desktop:13px;\",\"line-height\":\"\"}'  style=\"font-family:&#039;Open Sans&#039;;font-weight:600;color:__USE_THEME_MAIN_COLOR__;\">PROFESSIONALISME<\/h3><\/div> <!-- header --><div class=\"aio-icon-description ult-responsive\"  data-ultimate-target='#Info-box-wrap-6422 .aio-icon-description'  data-responsive-json-new='{\"font-size\":\"\",\"line-height\":\"\"}'  style=\"color:#999999;\">Nos matelas sont fabriqu\u00e9s avec des mat\u00e9riaux de haute qualit\u00e9, respectueux de l&rsquo;environnement et certifi\u00e9s par les normes les plus exigeantes.<\/div> <!-- description --><\/div> <!-- aio-icon-box --><\/div> <!-- aio-icon-component --><div class=\"aio-icon-component    style_1\"><div id=\"Info-box-wrap-3045\" class=\"aio-icon-box top-icon\" style=\"\"  ><div class=\"aio-icon-top\"><div class=\"ult-just-icon-wrapper  \"><div class=\"align-icon\" style=\"text-align:center;\">\n<div class=\"aio-icon none \"  style=\"color:#f2f2f2;font-size:40px;display:inline-block;\">\n\t<i class=\"linearicons-feather2\"><\/i>\n<\/div><\/div><\/div><\/div><div class=\"aio-icon-header\" ><h3 class=\"aio-icon-title ult-responsive\"  data-ultimate-target='#Info-box-wrap-3045 .aio-icon-title'  data-responsive-json-new='{\"font-size\":\"desktop:14px;\",\"line-height\":\"\"}'  style=\"font-family:&#039;Open Sans&#039;;font-weight:600;color:__USE_THEME_MAIN_COLOR__;\">NOUVEAU DESIGN<\/h3><\/div> <!-- header --><div class=\"aio-icon-description ult-responsive\"  data-ultimate-target='#Info-box-wrap-3045 .aio-icon-description'  data-responsive-json-new='{\"font-size\":\"\",\"line-height\":\"\"}'  style=\"color:#999999;\">Que vous soyez \u00e0 la recherche d&rsquo;un matelas \u00e0 m\u00e9moire de forme, \u00e0 ressorts ensach\u00e9s, ou \u00e0 latex, vous trouverez chez nous le matelas id\u00e9al pour vous offrir un sommeil r\u00e9parateur et un bien-\u00eatre optimal<\/div> <!-- description --><\/div> <!-- aio-icon-box --><\/div> <!-- aio-icon-component --><div class=\"aio-icon-component    style_1\"><div id=\"Info-box-wrap-7761\" class=\"aio-icon-box top-icon\" style=\"\"  ><div class=\"aio-icon-top\"><div class=\"ult-just-icon-wrapper  \"><div class=\"align-icon\" style=\"text-align:center;\">\n<div class=\"aio-icon none \"  style=\"color:#f2f2f2;font-size:40px;display:inline-block;\">\n\t<i class=\"linearicons-palette\"><\/i>\n<\/div><\/div><\/div><\/div><div class=\"aio-icon-header\" ><h3 class=\"aio-icon-title ult-responsive\"  data-ultimate-target='#Info-box-wrap-7761 .aio-icon-title'  data-responsive-json-new='{\"font-size\":\"desktop:14px;\",\"line-height\":\"\"}'  style=\"font-family:&#039;Open Sans&#039;;font-weight:600;color:__USE_THEME_MAIN_COLOR__;\">PERSONNALISABLE<\/h3><\/div> <!-- header --><div class=\"aio-icon-description ult-responsive\"  data-ultimate-target='#Info-box-wrap-7761 .aio-icon-description'  data-responsive-json-new='{\"font-size\":\"\",\"line-height\":\"\"}'  style=\"color:#999999;\">Nous vous accompagnons dans le choix du matelas id\u00e9al pour vous.<\/div> <!-- description --><\/div> <!-- aio-icon-box --><\/div> <!-- aio-icon-component --><div class=\"aio-icon-component    style_1\"><div id=\"Info-box-wrap-9811\" class=\"aio-icon-box top-icon\" style=\"\"  ><div class=\"aio-icon-top\"><div class=\"ult-just-icon-wrapper  \"><div class=\"align-icon\" style=\"text-align:center;\">\n<div class=\"aio-icon none \"  style=\"font-size:40px;display:inline-block;\">\n\t<i class=\"Defaults-user\"><\/i>\n<\/div><\/div><\/div><\/div><div class=\"aio-icon-header\" ><h3 class=\"aio-icon-title ult-responsive\"  data-ultimate-target='#Info-box-wrap-9811 .aio-icon-title'  data-responsive-json-new='{\"font-size\":\"desktop:14px;\",\"line-height\":\"\"}'  style=\"font-family:&#039;Open Sans&#039;;font-weight:600;color:__USE_THEME_MAIN_COLOR__;\">CONSEILS<\/h3><\/div> <!-- header --><div class=\"aio-icon-description ult-responsive\"  data-ultimate-target='#Info-box-wrap-9811 .aio-icon-description'  data-responsive-json-new='{\"font-size\":\"\",\"line-height\":\"\"}'  style=\"color:#999999;\">Nous vous proposons un service personnalis\u00e9 et des conseils avis\u00e9s.<\/div> <!-- description --><\/div> <!-- aio-icon-box --><\/div> <!-- aio-icon-component --><div class=\"aio-icon-component    style_1\"><div id=\"Info-box-wrap-4341\" class=\"aio-icon-box top-icon\" style=\"\"  ><div class=\"aio-icon-top\"><div class=\"ult-just-icon-wrapper  \"><div class=\"align-icon\" style=\"text-align:center;\">\n<div class=\"aio-icon none \"  style=\"color:#f2f2f2;font-size:40px;display:inline-block;\">\n\t<i class=\"Defaults-truck\"><\/i>\n<\/div><\/div><\/div><\/div><div class=\"aio-icon-header\" ><h3 class=\"aio-icon-title ult-responsive\"  data-ultimate-target='#Info-box-wrap-4341 .aio-icon-title'  data-responsive-json-new='{\"font-size\":\"desktop:14px;\",\"line-height\":\"\"}'  style=\"font-family:&#039;Open Sans&#039;;font-weight:600;color:__USE_THEME_MAIN_COLOR__;\">LIVRAISON GRATUITE<\/h3><\/div> <!-- header --><div class=\"aio-icon-description ult-responsive\"  data-ultimate-target='#Info-box-wrap-4341 .aio-icon-description'  data-responsive-json-new='{\"font-size\":\"\",\"line-height\":\"\"}'  style=\"color:#999999;\">Profitez de la livraison gratuite et de la garantie satisfait ou rembours\u00e9 pendant 100 nuits.<\/div> <!-- description --><\/div> <!-- aio-icon-box --><\/div> <!-- aio-icon-component --><\/div><\/div>\t\t\t<script type=\"text\/javascript\">\r\n\t\t\t\tjQuery(document).ready(function ($) {\r\n\t\t\t\t\tif( typeof jQuery('.ult-carousel-266662335369f99c50df155').slick == \"function\"){\r\n\t\t\t\t\t\t$('.ult-carousel-266662335369f99c50df155').slick({dots: false,autoplaySpeed: 5000,speed: 300,infinite: true,arrows: true,nextArrow: '<button type=\"button\" role=\"button\" aria-label=\"Next\" style=\"color:__USE_THEME_MAIN_COLOR__; font-size:20px;\" class=\"slick-next default\"><i class=\"ultsl-arrow-right4\"><\/i><\/button>',prevArrow: '<button type=\"button\" role=\"button\" aria-label=\"Previous\" style=\"color:__USE_THEME_MAIN_COLOR__; font-size:20px;\" class=\"slick-prev default\"><i class=\"ultsl-arrow-left4\"><\/i><\/button>',slidesToScroll:1,slidesToShow:3,swipe: true,draggable: true,touchMove: true,pauseOnHover: true,pauseOnFocus: false,responsive: [\r\n\t\t\t\t\t\t\t{\r\n\t\t\t\t\t\t\t  breakpoint: 1026,\r\n\t\t\t\t\t\t\t  settings: {\r\n\t\t\t\t\t\t\t\tslidesToShow: 3,\r\n\t\t\t\t\t\t\t\tslidesToScroll: 1,  \r\n\t\t\t\t\t\t\t  }\r\n\t\t\t\t\t\t\t},\r\n\t\t\t\t\t\t\t{\r\n\t\t\t\t\t\t\t  breakpoint: 1025,\r\n\t\t\t\t\t\t\t  settings: {\r\n\t\t\t\t\t\t\t\tslidesToShow: 2,\r\n\t\t\t\t\t\t\t\tslidesToScroll: 1\r\n\t\t\t\t\t\t\t  }\r\n\t\t\t\t\t\t\t},\r\n\t\t\t\t\t\t\t{\r\n\t\t\t\t\t\t\t  breakpoint: 760,\r\n\t\t\t\t\t\t\t  settings: {\r\n\t\t\t\t\t\t\t\tslidesToShow: 1,\r\n\t\t\t\t\t\t\t\tslidesToScroll: 1\r\n\t\t\t\t\t\t\t  }\r\n\t\t\t\t\t\t\t}\r\n\t\t\t\t\t\t],pauseOnDotsHover: true,customPaging: function(slider, i) {\r\n                   return '<i type=\"button\" style= \"color:#333333;\" class=\"ultsl-record\" data-role=\"none\"><\/i>';\r\n                },});\r\n\t\t\t\t\t}\r\n\t\t\t\t});\r\n\t\t\t<\/script>\r\n\t\t\t[\/vc_column][\/vc_row][vc_row bg_type=\u00a0\u00bbimage\u00a0\u00bb parallax_style=\u00a0\u00bbvcpb-vz-jquery\u00a0\u00bb bg_image_new=\u00a0\u00bbid^325|url^https:\/\/dodo.ci\/wp-content\/uploads\/2023\/04\/Rivetsmatelas.jpg|caption^null|alt^null|title^Rivetsmatelas|description^null\u00a0\u00bb bg_override=\u00a0\u00bbex-full\u00a0\u00bb css=\u00a0\u00bb.vc_custom_1682138387686{padding-top: 120px !important;padding-bottom: 120px !important;}\u00a0\u00bb][vc_column width=\u00a0\u00bb1\/2&Prime;]<div class=\"info-wrapper ult-adjust-bottom-margin\"><div id=\"info-circle-wrapper-69f99c50df4f4\" data-uniqid=\"69f99c50df4f4\" class=\"info-circle-wrapper  info-circle-responsive \" data-half-percentage=\"70\" data-circle-type=\"full-circle\"><div class=\"info-c-full-br\" style='border:2px solid #dddddd;width:180%;opacity:0;' data-start-degree=\"90\" data-divert=\"\" data-info-circle-angle=\"full\" data-responsive-circle=\"on\" data-responsive-breakpoint=\"800\" data-launch=\"easeOutBounce\" data-launch-duration=\"1\" data-launch-delay=\"0.2\" data-slide-true=\"on\" data-slide-duration=\"5\" data-icon-size=\"18\" data-icon-show=\"not-show\" data-icon-show-size=\"\" data-highlight-style=\"info-circle-pulse\" data-focus-on=\"hover\"><div  class=\"icon-circle-list\"><div class=\"info-circle-icons \" style=\"background:#101010;color:#ffffff;\" ><i class=\"Defaults-flask info-circle-icon\" ><\/i><\/div><div class=\"info-details\" data-icon-class=\"ult-info-circle-icon\"><div class=\"info-circle-def\"><div  class=\"info-circle-sub-def\"><i class=\"Defaults-flask info-circle-icon\" ><\/i><div class=\"responsive-font-class ult-responsive\" ><h3  data-ultimate-target='#info-cirlce-wrap-5171 .responsive-font-class h3.new-cust-responsive-class'  data-responsive-json-new='{\"font-size\":\"\",\"line-height\":\"\"}'  class=\"info-circle-heading ult-responsive new-cust-responsive-class\" style=\"font-weight:normal;\">Nouvelles innovations<\/h3><div  class=\"info-circle-text \" style=\"font-weight:normal;\">Am\u00e9liorer le confort, la durabilit\u00e9 et la sant\u00e9 des dormeurs.<\/div><\/div><\/div><\/div><\/div><div class=\"info-circle-icons \" style=\"background:#101010;color:#ffffff;\" ><i class=\"Defaults-thumbs-o-up info-circle-icon\" ><\/i><\/div><div class=\"info-details\" data-icon-class=\"ult-info-circle-icon\"><div class=\"info-circle-def\"><div  class=\"info-circle-sub-def\"><i class=\"Defaults-thumbs-o-up info-circle-icon\" ><\/i><div class=\"responsive-font-class ult-responsive\" ><h3  data-ultimate-target='#info-cirlce-wrap-5171 .responsive-font-class h3.new-cust-responsive-class'  data-responsive-json-new='{\"font-size\":\"\",\"line-height\":\"\"}'  class=\"info-circle-heading ult-responsive new-cust-responsive-class\" style=\"font-weight:normal;\">Fait \u00e0 la perfection<\/h3><div  class=\"info-circle-text \" style=\"font-weight:normal;\">Contr\u00f4le rigoureux de la finition.<\/div><\/div><\/div><\/div><\/div><div class=\"info-circle-icons \" style=\"background:#101010;color:#ffffff;\" ><i class=\"Defaults-cogs gears info-circle-icon\" ><\/i><\/div><div class=\"info-details\" data-icon-class=\"ult-info-circle-icon\"><div class=\"info-circle-def\"><div  class=\"info-circle-sub-def\"><i class=\"Defaults-cogs gears info-circle-icon\" ><\/i><div class=\"responsive-font-class ult-responsive\" ><h3  data-ultimate-target='#info-cirlce-wrap-5171 .responsive-font-class h3.new-cust-responsive-class'  data-responsive-json-new='{\"font-size\":\"\",\"line-height\":\"\"}'  class=\"info-circle-heading ult-responsive new-cust-responsive-class\" style=\"font-weight:normal;\">100% Personnalisable<\/h3><div  class=\"info-circle-text \" style=\"font-weight:normal;\">D\u00e9coupe et assemblage pr\u00e9cis.<\/div><\/div><\/div><\/div><\/div><div class=\"info-circle-icons \" style=\"background:#101010;color:#ffffff;\" ><i class=\"Defaults-truck info-circle-icon\" ><\/i><\/div><div class=\"info-details\" data-icon-class=\"ult-info-circle-icon\"><div class=\"info-circle-def\"><div  class=\"info-circle-sub-def\"><i class=\"Defaults-truck info-circle-icon\" ><\/i><div class=\"responsive-font-class ult-responsive\" ><h3  data-ultimate-target='#info-cirlce-wrap-5171 .responsive-font-class h3.new-cust-responsive-class'  data-responsive-json-new='{\"font-size\":\"\",\"line-height\":\"\"}'  class=\"info-circle-heading ult-responsive new-cust-responsive-class\" style=\"font-weight:normal;\">Livraison gratuite<\/h3><div  class=\"info-circle-text \" style=\"font-weight:normal;\">Livraison rapide et soign\u00e9e.<\/div><\/div><\/div><\/div><\/div><div class=\"info-circle-icons \" style=\"background:#101010;color:#ffffff;\" ><i class=\"Defaults-group users info-circle-icon\" ><\/i><\/div><div class=\"info-details\" data-icon-class=\"ult-info-circle-icon\"><div class=\"info-circle-def\"><div  class=\"info-circle-sub-def\"><i class=\"Defaults-group users info-circle-icon\" ><\/i><div class=\"responsive-font-class ult-responsive\" ><h3  data-ultimate-target='#info-cirlce-wrap-5171 .responsive-font-class h3.new-cust-responsive-class'  data-responsive-json-new='{\"font-size\":\"\",\"line-height\":\"\"}'  class=\"info-circle-heading ult-responsive new-cust-responsive-class\" style=\"font-weight:normal;\">Conseils et suivie<\/h3><div  class=\"info-circle-text \" style=\"font-weight:normal;\">Une \u00e9quipe de professionnels pour vous guider.<\/div><\/div><\/div><\/div><\/div><\/div><div id=\"info-cirlce-wrap-5171\" class=\"info-c-full\" style=\"background-color:#101010;color:#ffffff;width:60%;height:60%;margin:20%;\"><div class=\"info-c-full-wrap\"><\/div><\/div><\/div><div class=\"smile_icon_list_wrap \" data-content_bg=\"#101010\" data-content_color=\"#ffffff\">\r\n\t\t\t\t\t\t\t<ul id=\"info-cirlce-wrap-5171\" class=\"smile_icon_list left circle with_bg\"><li class=\"icon_list_item\" style=\"font-size:54px;\">\r\n\t\t\t\t\t\t\t\t\t<div class=\"icon_list_icon\" style=\"font-size:18px;width:18px;height:18px;line-height:1;\">\r\n\t\t\t\t\t\t\t\t\t\t<i class=\"smt-pencil\"><\/i>\r\n\t\t\t\t\t\t\t\t\t<\/div>\r\n\t\t\t\t\t\t\t\t\t<div  class=\"icon_description\" style=\"font-size:18px;\">\r\n\t\t\t\t\t\t\t\t\t\t<div class=\"responsive-font-class ult-responsive\"  data-ultimate-target='#info-cirlce-wrap-5171 .responsive-font-class *'  data-responsive-json-new='{\"font-size\":\"\",\"line-height\":\"\"}'  style=\"font-weight:normal;\">\r\n\t\t\t\t\t\t\t\t\t\t\t<h3  data-ultimate-target='#info-cirlce-wrap-5171 .responsive-font-class h3.new-cust-responsive-class'  data-responsive-json-new='{\"font-size\":\"\",\"line-height\":\"\"}'  class=\"ult-responsive new-cust-responsive-class\" style=\"font-weight:normal;\"><\/h3>\r\n\t\t\t\t\t\t\t\t\t\t\t<p><\/p>\r\n\t\t\t\t\t\t\t\t\t\t<\/div>\r\n\t\t\t\t\t\t\t\t\t<\/div>\r\n\t\t\t\t\t\t\t\t\t<div class=\"icon_list_connector\" style=\" border-style:solid;border-color:#dddddd; left:9px; top:18px;\">\r\n\t\t\t\t\t\t\t\t\t<\/div><\/li><\/ul>\r\n\t\t\t\t\t\t<\/div><\/div><\/div>[\/vc_column][vc_column width=\u00a0\u00bb1\/2&Prime;][\/vc_column][\/vc_row][vc_row bg_type=\u00a0\u00bbbg_color\u00a0\u00bb bg_override=\u00a0\u00bbex-full\u00a0\u00bb css=\u00a0\u00bb.vc_custom_1481576396754{padding-top: 80px !important;padding-bottom: 60px !important;}\u00a0\u00bb bg_color_value=\u00a0\u00bb#101010&Prime;][vc_column width=\u00a0\u00bb1\/4&Prime;][\/vc_column][vc_column width=\u00a0\u00bb1\/2&Prime;][vc_custom_heading text=\u00a0\u00bbQuestions avant la vente\u00a0\u00bb font_container=\u00a0\u00bbtag:h4|text_align:center|color:%23f0f0f0&Prime; use_theme_fonts=\u00a0\u00bbyes\u00a0\u00bb][vc_custom_heading text=\u00a0\u00bbEn investissant dans un matelas DODO, vous pouvez am\u00e9liorer votre sant\u00e9, votre bien-\u00eatre et votre budget sur le long terme.\u00a0\u00bb font_container=\u00a0\u00bbtag:p|font_size:15px|text_align:center|color:%23cecece|line_height:25px\u00a0\u00bb use_theme_fonts=\u00a0\u00bbyes\u00a0\u00bb][vc_empty_space height=\u00a0\u00bb10px\u00a0\u00bb][vc_btn title=\u00a0\u00bbNOUS CONTACTER\u00a0\u00bb style=\u00a0\u00bboutline-custom\u00a0\u00bb outline_custom_color=\u00a0\u00bb#ffffff\u00a0\u00bb outline_custom_hover_background=\u00a0\u00bb#ffffff\u00a0\u00bb outline_custom_hover_text=\u00a0\u00bb#101010&Prime; shape=\u00a0\u00bbsquare\u00a0\u00bb size=\u00a0\u00bbxs\u00a0\u00bb align=\u00a0\u00bbcenter\u00a0\u00bb link=\u00a0\u00bburl:https%3A%2F%2Fdodo.ci%2Findex.php%2Fcontacts%2F|title:Accueil\u00a0\u00bb][\/vc_column][vc_column width=\u00a0\u00bb1\/4&Prime;][\/vc_column][\/vc_row]<\/p>\n<\/section>","protected":false},"excerpt":{"rendered":"<p>[vc_row bg_type=\u00a0\u00bbbg_color\u00a0\u00bb bg_override=\u00a0\u00bbex-full\u00a0\u00bb css=\u00a0\u00bb.vc_custom_1483916749379{padding-top: 140px !important;padding-bottom: 120px !important;}\u00a0\u00bb bg_color_value=\u00a0\u00bb#101010&Prime;][vc_column][vc_custom_heading text=\u00a0\u00bbPOURQUOI NOUS CHOISIR?\u00a0\u00bb font_container=\u00a0\u00bbtag:h3|font_size:35px|text_align:center|color:%23ffffff\u00a0\u00bb use_theme_fonts=\u00a0\u00bbyes\u00a0\u00bb][vc_empty_space height=\u00a0\u00bb80px\u00a0\u00bb][\/vc_column][\/vc_row][vc_row bg_type=\u00a0\u00bbimage\u00a0\u00bb parallax_style=\u00a0\u00bbvcpb-vz-jquery\u00a0\u00bb bg_image_new=\u00a0\u00bbid^325|url^https:\/\/dodo.ci\/wp-content\/uploads\/2023\/04\/Rivetsmatelas.jpg|caption^null|alt^null|title^Rivetsmatelas|description^null\u00a0\u00bb bg_override=\u00a0\u00bbex-full\u00a0\u00bb css=\u00a0\u00bb.vc_custom_1682138387686{padding-top: 120px !important;padding-bottom: 120px !important;}\u00a0\u00bb][vc_column width=\u00a0\u00bb1\/2&Prime;][\/vc_column][vc_column width=\u00a0\u00bb1\/2&Prime;][\/vc_column][\/vc_row][vc_row bg_type=\u00a0\u00bbbg_color\u00a0\u00bb bg_override=\u00a0\u00bbex-full\u00a0\u00bb css=\u00a0\u00bb.vc_custom_1481576396754{padding-top: 80px !important;padding-bottom: 60px !important;}\u00a0\u00bb bg_color_value=\u00a0\u00bb#101010&Prime;][vc_column width=\u00a0\u00bb1\/4&Prime;][\/vc_column][vc_column width=\u00a0\u00bb1\/2&Prime;][vc_custom_heading text=\u00a0\u00bbQuestions avant la vente\u00a0\u00bb font_container=\u00a0\u00bbtag:h4|text_align:center|color:%23f0f0f0&Prime; use_theme_fonts=\u00a0\u00bbyes\u00a0\u00bb][vc_custom_heading text=\u00a0\u00bbEn investissant dans un matelas DODO, vous pouvez am\u00e9liorer votre sant\u00e9, votre bien-\u00eatre [&hellip;]<\/p>\n","protected":false},"author":1,"featured_media":0,"parent":0,"menu_order":0,"comment_status":"closed","ping_status":"closed","template":"one-page-template.php","meta":{"footnotes":""},"class_list":["post-259","page","type-page","status-publish","hentry"],"aioseo_notices":[],"_links":{"self":[{"href":"https:\/\/dodo.ci\/index.php\/wp-json\/wp\/v2\/pages\/259","targetHints":{"allow":["GET"]}}],"collection":[{"href":"https:\/\/dodo.ci\/index.php\/wp-json\/wp\/v2\/pages"}],"about":[{"href":"https:\/\/dodo.ci\/index.php\/wp-json\/wp\/v2\/types\/page"}],"author":[{"embeddable":true,"href":"https:\/\/dodo.ci\/index.php\/wp-json\/wp\/v2\/users\/1"}],"replies":[{"embeddable":true,"href":"https:\/\/dodo.ci\/index.php\/wp-json\/wp\/v2\/comments?post=259"}],"version-history":[{"count":14,"href":"https:\/\/dodo.ci\/index.php\/wp-json\/wp\/v2\/pages\/259\/revisions"}],"predecessor-version":[{"id":333,"href":"https:\/\/dodo.ci\/index.php\/wp-json\/wp\/v2\/pages\/259\/revisions\/333"}],"wp:attachment":[{"href":"https:\/\/dodo.ci\/index.php\/wp-json\/wp\/v2\/media?parent=259"}],"curies":[{"name":"wp","href":"https:\/\/api.w.org\/{rel}","templated":true}]}}